{"id":4,"date":"2013-10-08T21:48:11","date_gmt":"2013-10-08T19:48:11","guid":{"rendered":"http:\/\/samskitchen.cafe22.at\/?page_id=4"},"modified":"2013-10-20T09:38:36","modified_gmt":"2013-10-20T07:38:36","slug":"ueber-sams-kitchen","status":"publish","type":"page","link":"https:\/\/www.samskitchen.at\/?page_id=4","title":{"rendered":"\u00dcBER SAM&#8217;S KITCHEN"},"content":{"rendered":"<p>Es begann im Herbst 2011. Ich war auf der Suche nach einem Roggenvollkornbrot, das nur mit Sauerteig zubereitet wird. Also ohne Treibmittel wie z. B. Hefe. Man kann nat\u00fcrlich in einschl\u00e4gigen Naturkostl\u00e4den oder auf Wochenm\u00e4rkten solche Produkte zu Apothekerpreisen erwerben. Aber nicht immer stimmt die Qualit\u00e4t mit dem Preis \u00fcberein. Also befasste ich mich mit der Thematik des Brotbackens ohne Hefe nur mit Sauerteig. Um es kurz zu machen, ich begann meinen eigenen Sauerteig zu z\u00fcchten und dann zu verbacken. Anfangs nur mit Roggenvollkornmehl. Es gelang nach einigen Versuchen so gut, dass ich seither kein Roggenbrot mehr kaufe. Der Sauerteig hat sich inzwischen als die richtige Triebkraft f\u00fcr weitere Versuche entwickelt. Ich heg und pfleg Ihn wie ein Haustier. Aber immer nur Roggenbrot zu backen, war mir auf die Dauer zuwenig. Also versuchte ich es mit verschiedenen anderen Backwaren. Eine grosse Hilfe waren mir einschl\u00e4gige Internetforen u. Blogs. Sam`s Kitchen versteht sich als Blog, den ich dazu benutzen werde, \u00fcber meine Back- u. Kochversuche zu berichten. Alle Anregungen und Rezepte d\u00fcrfen nat\u00fcrlich nachgebacken oder gekocht werden. \u00dcber R\u00fcckmeldungen, Fragen, Anregungen oder auch Kritik w\u00fcrde ich mich freuen. Also viel Vergn\u00fcgen und Freude SAM<\/p>\n<div id=\"attachment_194\" style=\"width: 234px\" class=\"wp-caption aligncenter\"><a href=\"http:\/\/www.samskitchen.at\/wp-content\/uploads\/2013\/10\/2013-06-09-10.12.38.jpg\"><img aria-describedby=\"caption-attachment-194\" decoding=\"async\" loading=\"lazy\" class=\" wp-image-194 \" title=\"Backversuche\" alt=\"Backversuche\" src=\"http:\/\/www.samskitchen.at\/wp-content\/uploads\/2013\/10\/2013-06-09-10.12.38-224x300.jpg\" width=\"224\" height=\"300\" srcset=\"https:\/\/www.samskitchen.at\/wp-content\/uploads\/2013\/10\/2013-06-09-10.12.38-224x300.jpg 224w, https:\/\/www.samskitchen.at\/wp-content\/uploads\/2013\/10\/2013-06-09-10.12.38-510x680.jpg 510w\" sizes=\"(max-width: 224px) 100vw, 224px\" \/><\/a><p id=\"caption-attachment-194\" class=\"wp-caption-text\">Backversuche<\/p><\/div>\n<p>&nbsp;<\/p>\n","protected":false},"excerpt":{"rendered":"<p>Es begann im Herbst 2011. Ich war auf der Suche nach einem Roggenvollkornbrot, das nur mit Sauerteig zubereitet wird. Also ohne Treibmittel wie z. B. Hefe. Man kann nat\u00fcrlich in einschl\u00e4gigen Naturkostl\u00e4den oder auf Wochenm\u00e4rkten solche Produkte zu Apothekerpreisen erwerben. Aber nicht immer stimmt die Qualit\u00e4t mit dem Preis \u00fcberein. Also befasste ich mich mit der Thematik des Brotbackens ohne &hellip;<\/p>\n","protected":false},"author":1,"featured_media":0,"parent":0,"menu_order":0,"comment_status":"open","ping_status":"open","template":"","meta":{"_mi_skip_tracking":false,"_exactmetrics_sitenote_active":false,"_exactmetrics_sitenote_note":"","_exactmetrics_sitenote_category":0,"ngg_post_thumbnail":0,"jetpack_post_was_ever_published":false,"footnotes":""},"jetpack_sharing_enabled":true,"jetpack_shortlink":"https:\/\/wp.me\/P41IW0-4","_links":{"self":[{"href":"https:\/\/www.samskitchen.at\/index.php?rest_route=\/wp\/v2\/pages\/4"}],"collection":[{"href":"https:\/\/www.samskitchen.at\/index.php?rest_route=\/wp\/v2\/pages"}],"about":[{"href":"https:\/\/www.samskitchen.at\/index.php?rest_route=\/wp\/v2\/types\/page"}],"author":[{"embeddable":true,"href":"https:\/\/www.samskitchen.at\/index.php?rest_route=\/wp\/v2\/users\/1"}],"replies":[{"embeddable":true,"href":"https:\/\/www.samskitchen.at\/index.php?rest_route=%2Fwp%2Fv2%2Fcomments&post=4"}],"version-history":[{"count":15,"href":"https:\/\/www.samskitchen.at\/index.php?rest_route=\/wp\/v2\/pages\/4\/revisions"}],"predecessor-version":[{"id":211,"href":"https:\/\/www.samskitchen.at\/index.php?rest_route=\/wp\/v2\/pages\/4\/revisions\/211"}],"wp:attachment":[{"href":"https:\/\/www.samskitchen.at\/index.php?rest_route=%2Fwp%2Fv2%2Fmedia&parent=4"}],"curies":[{"name":"wp","href":"https:\/\/api.w.org\/{rel}","templated":true}]}}