{"id":381,"date":"2013-11-08T09:53:44","date_gmt":"2013-11-08T07:53:44","guid":{"rendered":"http:\/\/www.samskitchen.at\/?page_id=381"},"modified":"2017-01-15T20:46:47","modified_gmt":"2017-01-15T19:46:47","slug":"wunschliste","status":"publish","type":"page","link":"https:\/\/www.samskitchen.at\/?page_id=381","title":{"rendered":"Wunschliste"},"content":{"rendered":"<p>Liebe Backfreunde!<\/p>\n<p>Diese Seite ist EUCH gewidmet.<\/p>\n<p>Wenn Ihr <strong>W\u00fcnsche<\/strong> oder <strong>Anregungen<\/strong> habt, f\u00fchlt Euch frei an dieser Stelle euren Kommentar zu hinterlassen. Unten seht Ihr dann Eure W\u00fcnsche aufgelistet.<\/p>\n<p><em><strong>Besonders freuen w\u00fcrde es mich, wenn ihr Rezeptw\u00fcnsche postet, die ich dann versuchen werde nach meinen Vorstellungen und wenn es die Zeit und Umst\u00e4nde erlauben nachzubacken.<\/strong><\/em><\/p>\n<p style=\"text-align: center;\">Also &#8211; traut EUCH ich FREUE mich auf die Herausforderung.<\/p>\n<p style=\"text-align: center;\"><strong>WUNSCHLISTE<\/strong><\/p>\n<p style=\"text-align: center;\"><em><br \/>\n<\/em><\/p>\n<p style=\"text-align: center;\">Pumpernickel<\/p>\n<p style=\"text-align: center;\">Brotballon<\/p>\n<p style=\"text-align: center;\">&nbsp;<\/p>\n","protected":false},"excerpt":{"rendered":"<p>Liebe Backfreunde! Diese Seite ist EUCH gewidmet. Wenn Ihr W\u00fcnsche oder Anregungen habt, f\u00fchlt Euch frei an dieser Stelle euren Kommentar zu hinterlassen. Unten seht Ihr dann Eure W\u00fcnsche aufgelistet. Besonders freuen w\u00fcrde es mich, wenn ihr Rezeptw\u00fcnsche postet, die ich dann versuchen werde nach meinen Vorstellungen und wenn es die Zeit und Umst\u00e4nde erlauben nachzubacken. Also &#8211; traut EUCH &hellip;<\/p>\n","protected":false},"author":1,"featured_media":0,"parent":0,"menu_order":0,"comment_status":"open","ping_status":"open","template":"","meta":{"_mi_skip_tracking":false,"_exactmetrics_sitenote_active":false,"_exactmetrics_sitenote_note":"","_exactmetrics_sitenote_category":0,"ngg_post_thumbnail":0,"jetpack_post_was_ever_published":false,"footnotes":""},"jetpack_sharing_enabled":true,"jetpack_shortlink":"https:\/\/wp.me\/P41IW0-69","_links":{"self":[{"href":"https:\/\/www.samskitchen.at\/index.php?rest_route=\/wp\/v2\/pages\/381"}],"collection":[{"href":"https:\/\/www.samskitchen.at\/index.php?rest_route=\/wp\/v2\/pages"}],"about":[{"href":"https:\/\/www.samskitchen.at\/index.php?rest_route=\/wp\/v2\/types\/page"}],"author":[{"embeddable":true,"href":"https:\/\/www.samskitchen.at\/index.php?rest_route=\/wp\/v2\/users\/1"}],"replies":[{"embeddable":true,"href":"https:\/\/www.samskitchen.at\/index.php?rest_route=%2Fwp%2Fv2%2Fcomments&post=381"}],"version-history":[{"count":26,"href":"https:\/\/www.samskitchen.at\/index.php?rest_route=\/wp\/v2\/pages\/381\/revisions"}],"predecessor-version":[{"id":2855,"href":"https:\/\/www.samskitchen.at\/index.php?rest_route=\/wp\/v2\/pages\/381\/revisions\/2855"}],"wp:attachment":[{"href":"https:\/\/www.samskitchen.at\/index.php?rest_route=%2Fwp%2Fv2%2Fmedia&parent=381"}],"curies":[{"name":"wp","href":"https:\/\/api.w.org\/{rel}","templated":true}]}}